{"id":2167,"date":"2025-01-07T15:28:27","date_gmt":"2025-01-07T15:28:27","guid":{"rendered":"http:\/\/15.156.175.92\/questions-frequemment-posees\/"},"modified":"2025-04-29T16:36:09","modified_gmt":"2025-04-29T16:36:09","slug":"questions-frequemment-posees","status":"publish","type":"page","link":"https:\/\/tobaccofree.novascotia.ca\/fr\/questions-frequemment-posees\/","title":{"rendered":"Questions fr\u00e9quemment pos\u00e9es"},"content":{"rendered":"<div class='two-section-container alignfull'>\n    <div class=\"banner-image--mobile\">\n        <div class=\"trapezoid trapezoid-line\"><\/div>\n        <div class=\"trapezoid show-line\">\n            <img decoding=\"async\" src=\"\" class='section-img'><\/img>\n        <\/div>\n    <\/div>\n    <div class=\"container two-section-wrapper\">\n        <div class=\"row\">\n            <div class=\"col-xl-6 col-lg-6 col-md-7 col-12 section-text\">\n                <div class=\"section-breadcrumb\">\n                                                                        <span class=\"crumb active\">Questions fr\u00e9quemment pos\u00e9es<\/span>\n                                                                                    <\/div>\n                <p class=\"h1\">Questions fr\u00e9quemment pos\u00e9es<\/h1>\n                <p><\/p>\n            <\/div>\n        <\/div>\n    <\/div>\n\n    <div class=\"banner-image--desktop\">\n        <div class=\"trapezoid trapezoid-line\"><\/div>\n\n        <div class=\"trapezoid show-line\">\n            <img decoding=\"async\" src=\"\" class='section-img'><\/img>\n        <\/div>\n    <\/div>\n\n<\/div>\n\n\n\n\n<h2 class=\"wp-block-heading\">Pourquoi est-ce si difficile d\u2019arr\u00eater ?<\/h2>\n\n\n\n<p>Il existe de nombreuses raisons pour lesquelles il peut \u00eatre difficile d\u2019arr\u00eater de fumer. La situation de chaque personne est diff\u00e9rente. Voici quelques \u00e9l\u00e9ments \u00e0 prendre en compte lorsque vous \u00e9laborez votre plan d\u2019abandon :<\/p>\n\n\n\n<ul class=\"wp-block-list\">\n<li>le degr\u00e9 de d\u00e9pendance \u00e0 la nicotine.<\/li>\n\n\n\n<li>le nombre et le type de d\u00e9clencheurs que vous avez<\/li>\n\n\n\n<li>si vous \u00eates stress\u00e9<\/li>\n<\/ul>\n\n\n\n<p><\/p>\n\n\n\n<p>Le conseiller de Nouvelle-\u00c9cosse Sans Tabac (NEST) peut travailler avec vous pour \u00e9tablir un plan qui r\u00e9pond \u00e0 vos besoins particuliers. Cela devrait faciliter l\u2019arr\u00eat du tabac.<\/p>\n\n\n\n<p>Nos conseillers ont les comp\u00e9tences et l\u2019exp\u00e9rience n\u00e9cessaires pour vous aider \u00e0 arr\u00eater de fumer, quel que soit le type de produit que vous utilisez. Ils peuvent \u00e9galement vous aider \u00e0 arr\u00eater de vapoter.<\/p>\n\n\n\n<div style=\"height:100px\" aria-hidden=\"true\" class=\"wp-block-spacer\"><\/div>\n\n\n\n<h2 class=\"wp-block-heading\">Comment saurai-je si je suis pr\u00eat \u00e0 cesser?<\/h2>\n\n\n\n<p>Il est parfois difficile de savoir si l\u2019on est pr\u00eat \u00e0 arr\u00eater. Un signe que vous \u00eates pr\u00eat est que vous avez commenc\u00e9 \u00e0 penser \u00e0 ce que cela va \u00eatre. Il faut souvent plus d\u2019une tentative pour arr\u00eater de fumer. Ne vous laissez pas d\u00e9courager ! L\u2019essentiel est que vous essayiez. Cela en dit long sur ce qui est important pour vous.<\/p>\n\n\n\n<p>Il est int\u00e9ressant de noter que les recherches montrent que ces deux groupes de personnes arr\u00eatent au m\u00eame rythme :<\/p>\n\n\n\n<ul class=\"wp-block-list\">\n<li>ceux qui disent qu\u2019ils sont pr\u00eats \u00e0 arr\u00eater de fumer<\/li>\n\n\n\n<li>ceux qui disent qu\u2019ils ne sont PAS pr\u00eats \u00e0 arr\u00eater<\/li>\n<\/ul>\n\n\n\n<p><\/p>\n\n\n\n<p>Vous aurez plus de succ\u00e8s si vous \u00eates pr\u00e9par\u00e9 mentalement, \u00e9motionnellement et physiquement. Attendez-vous \u00e0 avoir des difficult\u00e9s par moments. Les conseillers de NEST peuvent vous aider.. Attendez-vous \u00e0 vivre des moments difficiles. Les conseillers de STNE peuvent vous aider.<\/p>\n\n\n\n<div style=\"height:100px\" aria-hidden=\"true\" class=\"wp-block-spacer\"><\/div>\n\n\n\n<h2 class=\"wp-block-heading\">Devrais-je cesser de fumer \u00e0 mon \u00e2ge?<\/h2>\n\n\n\n<p>Il n\u2019est jamais trop tard pour arr\u00eater de fumer ! Vous pouvez commencer \u00e0 ressentir les bienfaits de l\u2019arr\u00eat du tabac d\u00e8s les premiers jours. D\u2019autres avantages sont \u00e0 plus long terme. Ce sont l\u00e0 quelques-uns des premiers avantages de l\u2019arr\u00eat du tabac :<\/p>\n\n\n\n<ul class=\"wp-block-list\">\n<li>Dans les 24 heures, vous r\u00e9duisez vos risques d\u2019avoir une crise cardiaque.<\/li>\n\n\n\n<li>Dans les 3 jours, votre respiration s\u2019am\u00e9liore.<\/li>\n\n\n\n<li>En 2 semaines, votre circulation s\u2019am\u00e9liore.<\/li>\n<\/ul>\n\n\n\n<div style=\"height:100px\" aria-hidden=\"true\" class=\"wp-block-spacer\"><\/div>\n\n\n\n<h2 class=\"wp-block-heading\">Est-ce que je vais prendre du poids si j\u2019arr\u00eate de fumer ?<\/h2>\n\n\n\n<p>Certaines personnes prennent du poids lorsqu\u2019elles arr\u00eatent de fumer, d\u2019autres non. Pour les personnes qui prennent du poids, la moyenne est de 3,5 \u00e0 5,5 kilogrammes. La bonne nouvelle, c\u2019est qu\u2019il vous faudrait prendre de 36 \u00e0 45 kilogrammes pour annuler les avantages pour la sant\u00e9 de l\u2019abandon des produits du tabac. Un conseiller de NEST peut vous donner des conseils sur la fa\u00e7on de g\u00e9rer les envies de manger pendant que vous arr\u00eatez de fumer.&nbsp;<\/p>\n\n\n\n<div style=\"height:100px\" aria-hidden=\"true\" class=\"wp-block-spacer\"><\/div>\n\n\n\n<h2 class=\"wp-block-heading\">Y a-t-il des avantages \u00e0 cesser de fumer pendant un traitement contre le cancer?<\/h2>\n\n\n\n<p>Voici quelques-uns des avantages que vous pouvez ressentir si vous arr\u00eatez de fumer apr\u00e8s avoir re\u00e7u un diagnostic de cancer :<\/p>\n\n\n\n<ul class=\"wp-block-list\">\n<li>moins de complications li\u00e9es \u00e0 votre cancer ou \u00e0 votre traitement<\/li>\n\n\n\n<li>une meilleure chance de survie<\/li>\n\n\n\n<li>moins de chances que votre cancer revienne<\/li>\n\n\n\n<li>moins de risques de d\u00e9velopper un cancer secondaire<\/li>\n<\/ul>\n\n\n\n<p><\/p>\n\n\n\n<p>Les patients atteints de cancer qui arr\u00eatent de fumer peuvent r\u00e9duire leur risque de d\u00e9c\u00e8s d\u2019environ 40 %.<\/p>\n\n\n\n<h5 class=\"wp-block-heading\"><strong>Radiation<\/strong><\/h5>\n\n\n\n<p>La radioth\u00e9rapie fonctionne mieux si le niveau d\u2019oxyg\u00e8ne dans votre corps est normal. Lorsque vous fumez, le niveau d\u2019oxyg\u00e8ne dans votre sang diminue, ce qui rend plus difficile l\u2019action des rayons. Si vous ne pouvez pas arr\u00eater de fumer, \u00e9vitez de fumer pendant quelques heures avant et apr\u00e8s la radioth\u00e9rapie.<\/p>\n\n\n\n<h5 class=\"wp-block-heading\"><strong>Chimioth\u00e9rapie<\/strong><\/h5>\n\n\n\n<p>Les m\u00e9dicaments contre le cancer sont plus efficaces chez les personnes qui ne fument pas. La fum\u00e9e contient des substances chimiques qui r\u00e9duisent le taux sanguin de certains m\u00e9dicaments contre le cancer, ce qui les rend moins efficaces. Les personnes qui fument ont tendance \u00e0 avoir plus d\u2019effets secondaires de leurs m\u00e9dicaments contre le cancer.<\/p>\n\n\n\n<h5 class=\"wp-block-heading\"><strong>Chirurgie<\/strong><\/h5>\n\n\n\n<p>Vous pouvez rendre la chirurgie plus s\u00fbre et r\u00e9cup\u00e9rer plus rapidement si vous arr\u00eatez de fumer. M\u00eame diminuer peut aider. Ce sont l\u00e0 quelques-uns des meilleurs r\u00e9sultats dont peuvent b\u00e9n\u00e9ficier les personnes qui ne fument pas :<\/p>\n\n\n\n<ul class=\"wp-block-list\">\n<li>moins de complications pendant ou apr\u00e8s l\u2019op\u00e9ration<\/li>\n\n\n\n<li>moins de risques de d\u00e9velopper des infections<\/li>\n\n\n\n<li>gu\u00e9rison plus rapide <\/li>\n\n\n\n<li>meilleure chance d\u2019aller mieux plus vite et de rentrer chez soi plus t\u00f4t<\/li>\n<\/ul>\n\n\n\n<div style=\"height:100px\" aria-hidden=\"true\" class=\"wp-block-spacer\"><\/div>\n\n\n\n<h2 class=\"wp-block-heading\">Et si j\u2019ai essay\u00e9 d\u2019arr\u00eater plusieurs fois et \u00e9chou\u00e9 ?<\/h2>\n\n\n\n<p>Il est courant d\u2019essayer d\u2019arr\u00eater plusieurs fois. Avoir des \u00e9carts ou des rechutes nous aide \u00e0 voir ce qui a bien fonctionn\u00e9 lorsque nous avons essay\u00e9. Cela nous aide \u00e9galement \u00e0 voir ce que nous devons changer pour que notre prochaine tentative soit plus r\u00e9ussie. Parfois, les gens se fixent des objectifs tr\u00e8s \u00e9lev\u00e9s dans un court laps de temps. Cela ne leur donne pas le temps de se pr\u00e9parer \u00e0 d\u2019\u00e9ventuels contretemps. Plut\u00f4t que d\u2019arr\u00eater tout de suite, vous pouvez essayer de r\u00e9duire votre consommation de tabac dans un premier temps. Cela peut vous aider \u00e0 mettre en place de nouvelles routines et \u00e0 entra\u00eener votre cerveau \u00e0 s\u2019y habituer.<\/p>\n\n\n\n<div style=\"height:100px\" aria-hidden=\"true\" class=\"wp-block-spacer\"><\/div>\n\n\n\n<h2 class=\"wp-block-heading\">Le soutien psychologique est-il vraiment utile ?<\/h2>\n\n\n\n<p>Les recherches montrent que vous avez plus de chances d\u2019arr\u00eater de fumer et de rester non-fumeur si vous combinez deux th\u00e9rapies :<\/p>\n\n\n\n<ul class=\"wp-block-list\">\n<li>Th\u00e9rapie de substitution de la nicotine (TSN)<\/li>\n\n\n\n<li>Counselling<\/li>\n<\/ul>\n\n\n\n<p><\/p>\n\n\n\n<p>Prendre contact avec un conseiller de NEST pour une v\u00e9rification rapide de temps en temps peut faire une diff\u00e9rence positive.<\/p>\n\n\n\n<p>Dois-je aussi renoncer \u00e0 des choses comme le caf\u00e9 ? Ou puis-je commencer par arr\u00eater de fumer ?<\/p>\n\n\n\n<p>Abandonner d\u2019autres choses en m\u00eame temps qu\u2019arr\u00eater de fumer peut \u00eatre un d\u00e9fi, mais vous pouvez le faire. Lorsque vous fumez moins, la caf\u00e9ine agit diff\u00e9remment dans votre organisme. Cela signifie que vous n\u2019aurez peut-\u00eatre pas besoin d\u2019autant de tasses de caf\u00e9 que vous en avez l\u2019habitude. Vous n\u2019avez pas besoin de renoncer \u00e0 plusieurs choses \u00e0 la fois, mais il peut \u00eatre utile d\u2019\u00e9viter les \u00e9l\u00e9ments d\u00e9clencheurs comme le caf\u00e9. Cela d\u00e9pendra de vos propres habitudes et de votre niveau de confort. L\u2019abandon n\u2019a pas besoin d\u2019\u00eatre rapide pour fonctionner. Si vous r\u00e9duisez progressivement votre consommation de tabac jusqu\u2019\u00e0 ce que vous n\u2019en consommiez plus, vous avez plus de chances de ne pas abandonner.<\/p>\n\n\n\n<div style=\"height:100px\" aria-hidden=\"true\" class=\"wp-block-spacer\"><\/div>\n\n\n\n<h2 class=\"wp-block-heading\">Comment savoir ce qui est le mieux : diminuer ou faire un arr\u00eat brutal ?<\/h2>\n\n\n\n<p>Nous savons que lorsque vous r\u00e9duisez progressivement votre consommation de tabac jusqu\u2019\u00e0 ce que vous n\u2019en consommiez plus, vous avez plus de chances de ne pas recommencer.&nbsp; Le fait de r\u00e9duire la consommation au fil du temps permet \u00e0 votre cerveau de s\u2019adapter \u00e0 des niveaux plus faibles de nicotine. Vous vous habituez \u00e9galement \u00e0 de nouvelles routines qui n\u2019incluent pas la consommation de tabac. L\u2019arr\u00eat brutal du tabac peut \u00e9galement \u00eatre un succ\u00e8s. Mais certains trouvent que c\u2019est trop d\u2019un coup. Ils disent qu\u2019ils se sentent plus irritables lorsqu\u2019ils essaient d\u2019arr\u00eater de cette fa\u00e7on.<\/p>\n\n\n\n<div style=\"height:100px\" aria-hidden=\"true\" class=\"wp-block-spacer\"><\/div>\n\n\n\n<h2 class=\"wp-block-heading\">Le vapotage est-il meilleur que la cigarette ?<\/h2>\n\n\n\n<p>Il existe des preuves que les produits de vapotage peuvent \u00eatre moins nocifs que le tabagisme.&nbsp; MAIS cela n\u2019est vrai QUE pour les personnes qui fument d\u00e9j\u00e0.<\/p>\n\n\n\n<p>Nous ne comprenons pas encore tous les effets du vapotage. Il peut s\u2019\u00e9couler de nombreuses ann\u00e9es avant que les dommages ne se manifestent. Par cons\u00e9quent, les produits de vapotage ne sont pas, et n\u2019ont jamais \u00e9t\u00e9, approuv\u00e9s comme aides \u00e0 l\u2019abandon du tabac au Canada.<\/p>\n\n\n\n<p>Le vapotage n\u2019est jamais la bonne option pour les adolescents ou toute personne qui n\u2019a jamais fum\u00e9. Il existe de bonnes preuves des effets n\u00e9fastes potentiels du vapotage.<\/p>\n\n\n\n<div style=\"height:100px\" aria-hidden=\"true\" class=\"wp-block-spacer\"><\/div>\n\n\n\n<h2 class=\"wp-block-heading\">Pourquoi suis-je anxieux lorsque je pense \u00e0 arr\u00eater de fumer ?<\/h2>\n\n\n\n<p>L\u2019anxi\u00e9t\u00e9 est une r\u00e9action courante \u00e0 l\u2019arr\u00eat du tabac. Vous vous \u00eates peut-\u00eatre tourn\u00e9 vers la cigarette pour combattre le stress et l\u2019anxi\u00e9t\u00e9 par le pass\u00e9. Savoir que ce n\u2019est plus une option peut \u00eatre effrayant. Les conseillers de NEST peuvent vous aider \u00e0 g\u00e9rer votre anxi\u00e9t\u00e9. Ils peuvent \u00e9galement vous aider \u00e0 \u00e9tablir un plan pour r\u00e9pondre au stress et aux autres r\u00e9actions li\u00e9es \u00e0 l\u2019arr\u00eat du tabac.<\/p>\n\n\n\n<div style=\"height:100px\" aria-hidden=\"true\" class=\"wp-block-spacer\"><\/div>\n\n\n\n<h2 class=\"wp-block-heading\">Quels sont les sympt\u00f4mes du sevrage ?<\/h2>\n\n\n\n<p>Voici quelques sympt\u00f4mes courants du manque de nicotine :<\/p>\n\n\n\n<ul class=\"wp-block-list\">\n<li>anxi\u00e9t\u00e9 ou nervosit\u00e9<\/li>\n\n\n\n<li>envies de fumer<\/li>\n\n\n\n<li>constipation ou maux d\u2019estomac<\/li>\n\n\n\n<li>d\u00e9pression<\/li>\n\n\n\n<li>difficult\u00e9 \u00e0 se concentrer<\/li>\n\n\n\n<li>fatigue ou impression d\u2019avoir moins d\u2019\u00e9nergie<\/li>\n\n\n\n<li>maux de t\u00eate<\/li>\n\n\n\n<li>augmentation de l\u2019app\u00e9tit<\/li>\n\n\n\n<li>augmentation de la toux<\/li>\n\n\n\n<li>insomnie<\/li>\n\n\n\n<li>irritabilit\u00e9, frustration ou col\u00e8re<\/li>\n\n\n\n<li>agitation<\/li>\n\n\n\n<li>tremblements, secousses ou tremblements que vous ne pouvez pas contr\u00f4ler<\/li>\n<\/ul>\n\n\n\n<div style=\"height:100px\" aria-hidden=\"true\" class=\"wp-block-spacer\"><\/div>\n\n\n\n<h2 class=\"wp-block-heading\">Combien de temps durent les sympt\u00f4mes de sevrage ?<\/h2>\n\n\n\n<p>Le sevrage est diff\u00e9rent pour chacun. Cela d\u00e9pend de vos habitudes. Le sevrage peut commencer dans les 30 minutes qui suivent la derni\u00e8re consommation de tabac.<\/p>\n\n\n\n<p>Les sympt\u00f4mes sont \u00e0 leur maximum 2 \u00e0 3 jours apr\u00e8s que vous ayez arr\u00eat\u00e9 de fumer. Certains peuvent durer quelques semaines. Certaines personnes pr\u00e9sentent des sympt\u00f4mes pendant quelques mois.<\/p>\n\n\n\n<div style=\"height:100px\" aria-hidden=\"true\" class=\"wp-block-spacer\"><\/div>\n\n\n\n<h2 class=\"wp-block-heading\">\u00c0 votre avis, quel est la meilleure TSN sur le march\u00e9 ?<\/h2>\n\n\n\n<p>Il n\u2019existe pas de m\u00e9thode unique d\u2019aide \u00e0 l\u2019arr\u00eat du tabac. Vous devrez peut-\u00eatre essayer diff\u00e9rentes aides \u00e0 l\u2019arr\u00eat avant de trouver celle qui vous convient. N\u2019abandonnez PAS si votre premi\u00e8re aide \u00e0 l\u2019arr\u00eat ne fonctionne pas. Essayez-en un autre ou une autre combinaison.<\/p>\n\n\n\n<p>Consultez toujours votre prestataire de soins de sant\u00e9 avant d\u2019utiliser une aide \u00e0 l\u2019arr\u00eat du tabac. Ils peuvent vous aider \u00e0 trouver celle qui vous convient le mieux.<\/p>\n\n\n\n<div style=\"height:100px\" aria-hidden=\"true\" class=\"wp-block-spacer\"><\/div>\n\n\n\n<h2 class=\"wp-block-heading\">NEST fournit-elle des aides \u00e0 l\u2019arr\u00eat du tabac ?<\/h2>\n\n\n\n<p>Non. Nous sommes un service de conseil. Nous fournissons un soutien et des informations.<\/p>\n\n\n\n<p>Vous pouvez acheter des th\u00e9rapies de substitution de la nicotine (TSN) dans la plupart des pharmacies de la Nouvelle-\u00c9cosse. Vous pouvez \u00e9galement vous les procurer par l\u2019entremise des services d\u2019abandon du tabac de Sant\u00e9 Nouvelle-\u00c9cosse. Appelez le num\u00e9ro gratuit 1-855-922-1122.<\/p>\n\n\n\n<p>En Nouvelle-\u00c9cosse, les TSN se pr\u00e9sentent sous les formes suivantes : timbre, gomme, inhalateur, pastille et vaporisateur buccal.<\/p>\n\n\n\n<p>Il y a \u00e9galement 2 aides m\u00e9dicales \u00e0 l\u2019arr\u00eat disponibles en Nouvelle-\u00c9cosse :<\/p>\n\n\n\n<ul class=\"wp-block-list\">\n<li>bupropion. Vous le trouverez sous les noms de marque Zyban\u00ae et Wellbutrin\u00ae.<\/li>\n\n\n\n<li>var\u00e9nicline. Vous le trouverez sous le nom de marque Champix\u00ae.<\/li>\n<\/ul>\n\n\n\n<p>Pour les obtenir, vous avez besoin d\u2019une ordonnance de votre prestataire de soins. Ces 2 m\u00e9dicaments sont couverts par le programme Pharmacare de la Nouvelle-\u00c9cosse.<\/p>\n\n\n\n<div style=\"height:100px\" aria-hidden=\"true\" class=\"wp-block-spacer\"><\/div>\n\n\n<div class='footer-banner alignfull'>\n    <div class='container'>\n        <div class='row'>\n            <div class='col-lg-6 col-12 footer-info-section'>\n                <h3 class='footer-banner-subtitle'>Cesser de fumer se produit une minute, une heure et un jour \u00e0 la fois.<\/h3>\n                <div class='more-info'>\n                    <h1>Nous sommes l\u00e0 pour vous aider.<\/h1>\n                    <p>Obtenez un soutien gratuit, confidentiel et sans jugement pour vous aider \u00e0 rester non-fumeur. Un conseiller bienveillant peut travailler avec vous, \u00e0 votre rythme, pour vous aider \u00e0 suivre votre plan d&rsquo;abandon du tabac.<\/p>\n                <\/div>\n            <\/div>\n\n            \n            <div class='col-xl-6 col-lg-6 col-md-12 col-12 footer-action-cards'>\n               \n\n<div class=\"wp-block-group\"><div class=\"wp-block-group__inner-container is-layout-flow wp-block-group-is-layout-flow\">\n<div class=\"wp-block-columns is-layout-flex wp-container-core-columns-is-layout-9d6595d7 wp-block-columns-is-layout-flex\">\n<div class=\"wp-block-column is-layout-flow wp-block-column-is-layout-flow\">\n<div class='action-card has-white-background-color has-background'  style='background:#FFFFFF'>\n  <div class='action-card-icon'>\n    <i class='fas fa-phone'><\/i>\n  <\/div>\n  \n  <h4 class='action-card-title'>Aide par t\u00e9l\u00e9phone<\/h4>\n  \n  \n    <p class='action-card-description'>Des conseils gratuits sont disponibles Lun\u2013Jeu 9am-10pm, Ven 9am\u20137pm, Sam-Dim 10am\u20136pm<\/p>\n  \n    <div>\n    <a href='tel:811' \n       target=\"_self\" \n       class='action-card-action-button'>\n        <i class='fas fa-phone'><\/i>\n        811\n    <\/a>\n  <\/div>\n  \n    <div style=\"margin-top:10px\">\n    <a href='\/fr\/aide-par-telephone\/' \n       target=\"_self\"\n       class='action-card-action-link'>\n       Fonctionnement de l\u2019Aide par t\u00e9l\u00e9phone\n        <i class=\"fas fa-arrow-right\"><\/i>\n    <\/a>\n  <\/div>\n  <\/div>\n\n<\/div>\n\n\n\n<div class=\"wp-block-column is-layout-flow wp-block-column-is-layout-flow\">\n<div class='action-card has-white-background-color has-background'  style='background:#FFFFFF'>\n  <div class='action-card-icon'>\n    <i class='fas fa-comment'><\/i>\n  <\/div>\n  \n  <h4 class='action-card-title'>Clavardage s\u00e9curis\u00e9<\/h4>\n  \n  \n    <p class='action-card-description'>Counselling en ligne gratuit pour obtenir des conseils et des informations personnalis\u00e9s.<\/p>\n  \n    <div>\n    <a href='\/fr\/clavardage-securise\/' \n       target=\"_self\" \n       class='action-card-action-button'>\n        <i class='fas fa-comment'><\/i>\n        Clavarder maintenant\n    <\/a>\n  <\/div>\n  \n    <div style=\"margin-top:10px\">\n    <a href='\/fr\/clavardage-securise\/' \n       target=\"_self\"\n       class='action-card-action-link'>\n       En savoir plus sur le clavardage s\u00e9curis\u00e9\n        <i class=\"fas fa-arrow-right\"><\/i>\n    <\/a>\n  <\/div>\n  <\/div>\n\n<\/div>\n<\/div>\n\n\n\n<div class=\"wp-block-group has-white-background-color has-background\"><div class=\"wp-block-group__inner-container is-layout-flow wp-block-group-is-layout-flow\">\n<div style=\"height:100px\" aria-hidden=\"true\" class=\"wp-block-spacer is-style-responsive-small\"><\/div>\n\n\n\n<p class=\"has-text-align-center\"><strong>Textez SMOKEFREE au 902-700-7700 pour recevoir des messages de motivation hebdomadaires (en anglais)<\/strong><\/p>\n\n\n\n<div class=\"wp-block-buttons is-layout-flex wp-block-buttons-is-layout-flex\">\n<div class=\"wp-block-button is-style-tfns-arrow-link aligncenter\"><a class=\"wp-block-button__link wp-element-button\" href=\"\/fr\/message-texte-de-motivation-hebdomadaire\/\">En savoir plus sur les textos de motivation<\/a><\/div>\n<\/div>\n\n\n\n<div style=\"height:100px\" aria-hidden=\"true\" class=\"wp-block-spacer is-style-responsive-small\"><\/div>\n<\/div><\/div>\n<\/div><\/div>\n\n\n            <\/div>\n        <\/div>\n    <\/div>\n    <img decoding=\"async\" src=\"https:\/\/tobaccofree.novascotia.ca\/wp-content\/uploads\/2022\/03\/Mask-Group-2383.svg\" class='footer-banner-img'><\/img>\n<\/div>","protected":false},"excerpt":{"rendered":"<p>Pourquoi est-ce si difficile d\u2019arr\u00eater ? Il existe de nombreuses raisons pour lesquelles il peut \u00eatre difficile d\u2019arr\u00eater de fumer. La situation de chaque personne est diff\u00e9rente. Voici quelques \u00e9l\u00e9ments \u00e0 prendre en compte lorsque vous \u00e9laborez votre plan d\u2019abandon : Le conseiller de Nouvelle-\u00c9cosse Sans Tabac (NEST) peut travailler avec vous pour \u00e9tablir un [&hellip;]<\/p>\n","protected":false},"author":3,"featured_media":0,"parent":0,"menu_order":0,"comment_status":"closed","ping_status":"closed","template":"","meta":{"_acf_changed":false,"inline_featured_image":false,"_monsterinsights_skip_tracking":false,"_monsterinsights_sitenote_active":false,"_monsterinsights_sitenote_note":"","_monsterinsights_sitenote_category":0,"_uf_show_specific_survey":0,"_uf_disable_surveys":false,"footnotes":""},"class_list":["post-2167","page","type-page","status-publish","hentry"],"acf":[],"aioseo_notices":[],"_links":{"self":[{"href":"https:\/\/tobaccofree.novascotia.ca\/fr\/wp-json\/wp\/v2\/pages\/2167","targetHints":{"allow":["GET"]}}],"collection":[{"href":"https:\/\/tobaccofree.novascotia.ca\/fr\/wp-json\/wp\/v2\/pages"}],"about":[{"href":"https:\/\/tobaccofree.novascotia.ca\/fr\/wp-json\/wp\/v2\/types\/page"}],"author":[{"embeddable":true,"href":"https:\/\/tobaccofree.novascotia.ca\/fr\/wp-json\/wp\/v2\/users\/3"}],"replies":[{"embeddable":true,"href":"https:\/\/tobaccofree.novascotia.ca\/fr\/wp-json\/wp\/v2\/comments?post=2167"}],"version-history":[{"count":15,"href":"https:\/\/tobaccofree.novascotia.ca\/fr\/wp-json\/wp\/v2\/pages\/2167\/revisions"}],"predecessor-version":[{"id":2631,"href":"https:\/\/tobaccofree.novascotia.ca\/fr\/wp-json\/wp\/v2\/pages\/2167\/revisions\/2631"}],"wp:attachment":[{"href":"https:\/\/tobaccofree.novascotia.ca\/fr\/wp-json\/wp\/v2\/media?parent=2167"}],"curies":[{"name":"wp","href":"https:\/\/api.w.org\/{rel}","templated":true}]}}