{"id":1535,"date":"2022-03-23T19:50:20","date_gmt":"2022-03-23T19:50:20","guid":{"rendered":"http:\/\/15.156.175.92\/tabagisme-et-cancer\/"},"modified":"2025-05-02T17:21:17","modified_gmt":"2025-05-02T17:21:17","slug":"tabagisme-et-cancer","status":"publish","type":"page","link":"https:\/\/tobaccofree.novascotia.ca\/fr\/tabagisme-et-cancer\/","title":{"rendered":"Tabagisme et cancer"},"content":{"rendered":"<div class='two-section-container alignfull'>\n    <div class=\"banner-image--mobile\">\n        <div class=\"trapezoid trapezoid-line\"><\/div>\n        <div class=\"trapezoid show-line\">\n            <img decoding=\"async\" src=\"https:\/\/tobaccofree.novascotia.ca\/wp-content\/uploads\/2022\/03\/Cancer.jpg\" class='section-img'><\/img>\n        <\/div>\n    <\/div>\n    <div class=\"container two-section-wrapper\">\n        <div class=\"row\">\n            <div class=\"col-xl-6 col-lg-6 col-md-7 col-12 section-text\">\n                <div class=\"section-breadcrumb\">\n                                                                        <span class=\"crumb active\">Tabagisme et cancer<\/span>\n                                                                                    <\/div>\n                <p class=\"h1\">Il n\u2019est jamais trop tard pour arr\u00eater de fumer, m\u00eame apr\u00e8s un diagnostic de cancer.<\/h1>\n                <p>La plupart des gens savent que le tabagisme et les autres formes de consommation de tabac augmentent le risque de contracter un cancer. Toute personne qui a d\u00e9j\u00e0 fum\u00e9 sait combien il est difficile d\u2019arr\u00eater. Ce que les gens ne savent peut-\u00eatre pas, c\u2019est qu\u2019il y a toujours des avantages \u00e0 arr\u00eater de fumer. Il n\u2019est jamais trop tard.  M\u00eame apr\u00e8s avoir re\u00e7u un diagnostic de cancer, vous avez tout int\u00e9r\u00eat \u00e0 arr\u00eater de fumer.<\/p>\n            <\/div>\n        <\/div>\n    <\/div>\n\n    <div class=\"banner-image--desktop\">\n        <div class=\"trapezoid trapezoid-line\"><\/div>\n\n        <div class=\"trapezoid show-line\">\n            <img decoding=\"async\" src=\"https:\/\/tobaccofree.novascotia.ca\/wp-content\/uploads\/2022\/03\/Cancer.jpg\" class='section-img'><\/img>\n        <\/div>\n    <\/div>\n\n<\/div>\n\n\n\n\n<div style=\"height:100px\" aria-hidden=\"true\" class=\"wp-block-spacer is-style-responsive-medium\"><\/div>\n\n\n\n<div class=\"wp-block-columns is-style-skip-two-columns is-layout-flex wp-container-core-columns-is-layout-9d6595d7 wp-block-columns-is-layout-flex\">\n<div class=\"wp-block-column is-layout-flow wp-block-column-is-layout-flow\">\n<p>Voici quelques-uns des avantages que vous pouvez ressentir si vous arr\u00eatez de fumer apr\u00e8s le diagnostic de votre cancer :<\/p>\n\n\n\n<ul class=\"wp-block-list\">\n<li>moins de complications li\u00e9es \u00e0 votre cancer ou \u00e0 votre traitement<\/li>\n\n\n\n<li>une meilleure chance de survie<\/li>\n\n\n\n<li>moins de chances que votre cancer revienne<\/li>\n\n\n\n<li>moins de risques de d\u00e9velopper un cancer secondaire<\/li>\n<\/ul>\n<\/div>\n\n\n\n<div class=\"wp-block-column is-layout-flow wp-block-column-is-layout-flow\">\n<p>Pour de plus de renseignements sur les bienfaits pour la sant\u00e9 de cesser de fumer apr\u00e8s un diagnostic de cancer, veuillez consulter la fiche d&rsquo;information suivante du Nova Scotia Health Cancer Care Program :<\/p>\n\n\n\n<div class=\"wp-block-buttons is-layout-flex wp-block-buttons-is-layout-flex\">\n<div class=\"wp-block-button is-style-tfns-download-link\"><a class=\"wp-block-button__link wp-element-button\" href=\"\/wp-content\/uploads\/2022\/03\/nsccp0065.pdf\" target=\"_blank\" rel=\"noreferrer noopener\">It\u2019s never too late to stop tobacco use (PDF) &#8211; en anglais seulement<\/a><\/div>\n<\/div>\n\n\n\n<div class=\"wp-block-buttons is-layout-flex wp-block-buttons-is-layout-flex\">\n<div class=\"wp-block-button is-style-tfns-download-link\"><a class=\"wp-block-button__link wp-element-button\" href=\"\/wp-content\/uploads\/2022\/03\/Patient-pamphlet-cessation-after-cancer-diagnosis.pdf\" target=\"_blank\" rel=\"noreferrer noopener\">Cancer Care Program (PDF) &#8211; en anglais seulement<\/a><\/div>\n<\/div>\n<\/div>\n<\/div>\n\n\n\n<h3 class=\"wp-block-heading\">Radiation<\/h3>\n\n\n\n<p>La radioth\u00e9rapie fonctionne mieux si le niveau d\u2019oxyg\u00e8ne dans votre corps est normal. Lorsque vous fumez, le niveau d\u2019oxyg\u00e8ne dans votre sang diminue, ce qui rend plus difficile l\u2019action des rayons. Si vous ne pouvez pas arr\u00eater de fumer, \u00e9vitez de fumer pendant quelques heures avant et apr\u00e8s la radioth\u00e9rapie.<\/p>\n\n\n\n<h3 class=\"wp-block-heading\">Chimioth\u00e9rapie<\/h3>\n\n\n\n<p>Les m\u00e9dicaments contre le cancer sont plus efficaces chez les personnes qui ne fument pas. La fum\u00e9e contient des substances chimiques qui r\u00e9duisent le taux sanguin de certains m\u00e9dicaments contre le cancer, ce qui les rend moins efficaces. Les personnes qui fument ont tendance \u00e0 avoir plus d\u2019effets secondaires de leurs m\u00e9dicaments contre le cancer.<\/p>\n\n\n\n<p>Parlez \u00e0 votre prestataire de soins de sant\u00e9 pour en savoir plus sur l\u2019arr\u00eat du tabac ou contactez l\u2019un de nos conseillers pour vous aider \u00e0 arr\u00eater de fumer et \u00e0 rester non-fumeur. Appelez notre ligne d\u2019aide \u00e0 l\u2019arr\u00eat du tabac 811 ou utilisez le clavardage s\u00e9curis\u00e9.<\/p>\n\n\n\n<p>Nos conseillers ont les comp\u00e9tences et l\u2019exp\u00e9rience n\u00e9cessaires pour vous aider \u00e0 arr\u00eater de fumer, quel que soit le type de produit que vous utilisez. Ils peuvent \u00e9galement vous aider \u00e0 arr\u00eater de vapoter.<\/p>\n\n\n\n<h3 class=\"wp-block-heading\"><strong>Aides \u00e0 l\u2019arr\u00eat de travail<\/strong><\/h3>\n\n\n\n<p>Il existe des m\u00e9dicaments qui peuvent vous aider \u00e0 arr\u00eater de fumer. Vous avez besoin d\u2019une ordonnance pour les obtenir. Vous pouvez obtenir une ordonnance aupr\u00e8s de votre prestataire de soins. Si vous avez un r\u00e9gime priv\u00e9 d\u2019assurance-m\u00e9dicaments, demandez-lui s\u2019il couvre les aides m\u00e9dicales \u00e0 l\u2019arr\u00eat du tabac.<\/p>\n\n\n\n<p>Si vous \u00eates membre du programme d\u2019assistance aux malades du cancer, celui-ci peut prendre en charge vos aides m\u00e9dicales \u00e0 l\u2019arr\u00eat du tabac. Si vous n\u2019\u00eates PAS membre, d\u00e9couvrez comment vous pouvez le devenir :<\/p>\n\n\n\n<p>Appelez le num\u00e9ro gratuit 1-800-553-0585<\/p>\n\n\n\n<p>OU<\/p>\n\n\n\n<p>Visitez l\u2019aide aux m\u00e9dicaments pour les patients atteints de cancer<\/p>\n\n\n\n<p>En tant que membre du programme aide aux m\u00e9dicaments pour les patients atteints de cancer, vous serez rembours\u00e9 pour un maximum de 12 semaines de traitement standard par an. Si vous avez besoin d\u2019un deuxi\u00e8me traitement, votre prescripteur devra envoyer une demande d\u2019autorisation sp\u00e9ciale \u00e0 Pharmacare.<\/p>\n\n\n\n<div style=\"height:100px\" aria-hidden=\"true\" class=\"wp-block-spacer is-style-responsive-large\"><\/div>\n\n\n<div class='footer-banner alignfull'>\n    <div class='container'>\n        <div class='row'>\n            <div class='col-lg-6 col-12 footer-info-section'>\n                <h3 class='footer-banner-subtitle'>Cesser de fumer se produit une minute, une heure et un jour \u00e0 la fois.<\/h3>\n                <div class='more-info'>\n                    <h1>Nous sommes l\u00e0 pour vous aider.<\/h1>\n                    <p>Obtenez un soutien gratuit, confidentiel et sans jugement pour vous aider \u00e0 rester non-fumeur. Un conseiller bienveillant peut travailler avec vous, \u00e0 votre rythme, pour vous aider \u00e0 suivre votre plan d&rsquo;abandon du tabac.<\/p>\n                <\/div>\n            <\/div>\n\n            \n            <div class='col-xl-6 col-lg-6 col-md-12 col-12 footer-action-cards'>\n               \n\n<div class=\"wp-block-group\"><div class=\"wp-block-group__inner-container is-layout-flow wp-block-group-is-layout-flow\">\n<div class=\"wp-block-columns is-layout-flex wp-container-core-columns-is-layout-9d6595d7 wp-block-columns-is-layout-flex\">\n<div class=\"wp-block-column is-layout-flow wp-block-column-is-layout-flow\">\n<div class='action-card has-white-background-color has-background'  style='background:#FFFFFF'>\n  <div class='action-card-icon'>\n    <i class='fas fa-phone'><\/i>\n  <\/div>\n  \n  <h4 class='action-card-title'>Aide par t\u00e9l\u00e9phone<\/h4>\n  \n  \n    <p class='action-card-description'>Des conseils gratuits sont disponibles Lun\u2013Jeu 9am-10pm, Ven 9am\u20137pm, Sam-Dim 10am\u20136pm<\/p>\n  \n    <div>\n    <a href='tel:811' \n       target=\"_self\" \n       class='action-card-action-button'>\n        <i class='fas fa-phone'><\/i>\n        811\n    <\/a>\n  <\/div>\n  \n    <div style=\"margin-top:10px\">\n    <a href='\/fr\/aide-par-telephone\/' \n       target=\"_self\"\n       class='action-card-action-link'>\n       Fonctionnement de l\u2019Aide par t\u00e9l\u00e9phone\n        <i class=\"fas fa-arrow-right\"><\/i>\n    <\/a>\n  <\/div>\n  <\/div>\n\n<\/div>\n\n\n\n<div class=\"wp-block-column is-layout-flow wp-block-column-is-layout-flow\">\n<div class='action-card has-white-background-color has-background'  style='background:#FFFFFF'>\n  <div class='action-card-icon'>\n    <i class='fas fa-comment'><\/i>\n  <\/div>\n  \n  <h4 class='action-card-title'>Clavardage s\u00e9curis\u00e9<\/h4>\n  \n  \n    <p class='action-card-description'>Counselling en ligne gratuit pour obtenir des conseils et des informations personnalis\u00e9s.<\/p>\n  \n    <div>\n    <a href='\/fr\/clavardage-securise\/' \n       target=\"_self\" \n       class='action-card-action-button'>\n        <i class='fas fa-comment'><\/i>\n        Clavarder maintenant\n    <\/a>\n  <\/div>\n  \n    <div style=\"margin-top:10px\">\n    <a href='\/fr\/clavardage-securise\/' \n       target=\"_self\"\n       class='action-card-action-link'>\n       En savoir plus sur le clavardage s\u00e9curis\u00e9\n        <i class=\"fas fa-arrow-right\"><\/i>\n    <\/a>\n  <\/div>\n  <\/div>\n\n<\/div>\n<\/div>\n\n\n\n<div class=\"wp-block-group has-white-background-color has-background\"><div class=\"wp-block-group__inner-container is-layout-flow wp-block-group-is-layout-flow\">\n<div style=\"height:100px\" aria-hidden=\"true\" class=\"wp-block-spacer is-style-responsive-small\"><\/div>\n\n\n\n<p class=\"has-text-align-center\"><strong>Textez SMOKEFREE au 902-700-7700 pour recevoir des messages de motivation hebdomadaires (en anglais)<\/strong><\/p>\n\n\n\n<div class=\"wp-block-buttons is-layout-flex wp-block-buttons-is-layout-flex\">\n<div class=\"wp-block-button is-style-tfns-arrow-link aligncenter\"><a class=\"wp-block-button__link wp-element-button\" href=\"\/fr\/message-texte-de-motivation-hebdomadaire\/\">En savoir plus sur les textos de motivation<\/a><\/div>\n<\/div>\n\n\n\n<div style=\"height:100px\" aria-hidden=\"true\" class=\"wp-block-spacer is-style-responsive-small\"><\/div>\n<\/div><\/div>\n<\/div><\/div>\n\n\n            <\/div>\n        <\/div>\n    <\/div>\n    <img decoding=\"async\" src=\"https:\/\/tobaccofree.novascotia.ca\/wp-content\/uploads\/2022\/03\/Mask-Group-2383.svg\" class='footer-banner-img'><\/img>\n<\/div>","protected":false},"excerpt":{"rendered":"<p>Voici quelques-uns des avantages que vous pouvez ressentir si vous arr\u00eatez de fumer apr\u00e8s le diagnostic de votre cancer : Pour de plus de renseignements sur les bienfaits pour la sant\u00e9 de cesser de fumer apr\u00e8s un diagnostic de cancer, veuillez consulter la fiche d&rsquo;information suivante du Nova Scotia Health Cancer Care Program : Radiation [&hellip;]<\/p>\n","protected":false},"author":3,"featured_media":0,"parent":0,"menu_order":0,"comment_status":"closed","ping_status":"closed","template":"","meta":{"_acf_changed":false,"inline_featured_image":false,"_monsterinsights_skip_tracking":false,"_monsterinsights_sitenote_active":false,"_monsterinsights_sitenote_note":"","_monsterinsights_sitenote_category":0,"_uf_show_specific_survey":0,"_uf_disable_surveys":false,"footnotes":""},"class_list":["post-1535","page","type-page","status-publish","hentry"],"acf":[],"aioseo_notices":[],"_links":{"self":[{"href":"https:\/\/tobaccofree.novascotia.ca\/fr\/wp-json\/wp\/v2\/pages\/1535","targetHints":{"allow":["GET"]}}],"collection":[{"href":"https:\/\/tobaccofree.novascotia.ca\/fr\/wp-json\/wp\/v2\/pages"}],"about":[{"href":"https:\/\/tobaccofree.novascotia.ca\/fr\/wp-json\/wp\/v2\/types\/page"}],"author":[{"embeddable":true,"href":"https:\/\/tobaccofree.novascotia.ca\/fr\/wp-json\/wp\/v2\/users\/3"}],"replies":[{"embeddable":true,"href":"https:\/\/tobaccofree.novascotia.ca\/fr\/wp-json\/wp\/v2\/comments?post=1535"}],"version-history":[{"count":7,"href":"https:\/\/tobaccofree.novascotia.ca\/fr\/wp-json\/wp\/v2\/pages\/1535\/revisions"}],"predecessor-version":[{"id":2683,"href":"https:\/\/tobaccofree.novascotia.ca\/fr\/wp-json\/wp\/v2\/pages\/1535\/revisions\/2683"}],"wp:attachment":[{"href":"https:\/\/tobaccofree.novascotia.ca\/fr\/wp-json\/wp\/v2\/media?parent=1535"}],"curies":[{"name":"wp","href":"https:\/\/api.w.org\/{rel}","templated":true}]}}