{"id":1533,"date":"2022-03-21T23:02:01","date_gmt":"2022-03-21T23:02:01","guid":{"rendered":"http:\/\/15.156.175.92\/ressources\/"},"modified":"2026-04-09T18:19:36","modified_gmt":"2026-04-09T18:19:36","slug":"ressources","status":"publish","type":"page","link":"https:\/\/tobaccofree.novascotia.ca\/fr\/ressources\/","title":{"rendered":"Ressources"},"content":{"rendered":"<div class='two-section-container alignfull'>\n    <div class=\"banner-image--mobile\">\n        <div class=\"trapezoid trapezoid-line\"><\/div>\n        <div class=\"trapezoid \">\n            <img decoding=\"async\" src=\"https:\/\/tobaccofree.novascotia.ca\/wp-content\/uploads\/2022\/03\/Resources_Crop2.png\" class='section-img'><\/img>\n        <\/div>\n    <\/div>\n    <div class=\"container two-section-wrapper\">\n        <div class=\"row\">\n            <div class=\"col-xl-6 col-lg-6 col-md-7 col-12 section-text\">\n                <div class=\"section-breadcrumb\">\n                                                                        <span class=\"crumb active\">Ressources<\/span>\n                                                                                    <\/div>\n                <p class=\"h1\">Ressources de Nouvelle-\u00c9cosse Sans Tabac<\/h1>\n                <p><\/p>\n            <\/div>\n        <\/div>\n    <\/div>\n\n    <div class=\"banner-image--desktop\">\n        <div class=\"trapezoid trapezoid-line\"><\/div>\n\n        <div class=\"trapezoid \">\n            <img decoding=\"async\" src=\"https:\/\/tobaccofree.novascotia.ca\/wp-content\/uploads\/2022\/03\/Resources_Crop2.png\" class='section-img'><\/img>\n        <\/div>\n    <\/div>\n\n<\/div>\n\n\n\n\n<div style=\"height:100px\" aria-hidden=\"true\" class=\"wp-block-spacer is-style-responsive-medium\"><\/div>\n\n\n\n<div class=\"wp-block-columns is-style-skip-two-columns is-layout-flex wp-container-core-columns-is-layout-9d6595d7 wp-block-columns-is-layout-flex\">\n<div class=\"wp-block-column is-layout-flow wp-block-column-is-layout-flow\">\n<h2 class=\"wp-block-heading\">Ressources de Nouvelle-\u00c9cosse Sans Tabac<\/h2>\n<\/div>\n<\/div>\n\n\n\n<div class=\"wp-block-columns are-vertically-aligned-top is-style-skip-two-columns is-layout-flex wp-container-core-columns-is-layout-9d6595d7 wp-block-columns-is-layout-flex\">\n<div class=\"wp-block-column is-layout-flow wp-block-column-is-layout-flow\">\n<h4 class=\"wp-block-heading\"><strong>Formulaire de recommandation par t\u00e9l\u00e9copie du prestataire de soins de sant\u00e9<\/strong><\/h4>\n\n\n\n<p>Prestataires de soins de sant\u00e9 : remplissez et envoyez ce formulaire pour nous adresser un patient. Nous le contacterons en votre nom pour discuter de ses options<\/p>\n\n\n\n<div class=\"wp-block-buttons is-layout-flex wp-block-buttons-is-layout-flex\">\n<div class=\"wp-block-button is-style-tfns-download-link\"><a class=\"wp-block-button__link has-forest-green-color has-text-color wp-element-button\" href=\"http:\/\/tobaccofree.novascotia.ca\/wp-content\/uploads\/2026\/04\/811-TFNS-Fax-Form-V4.pdf\" target=\"_blank\" rel=\"noreferrer noopener\">Formulaire de recommandation confidentielle par t\u00e9l\u00e9copie de Nouvelle-\u00c9cosse Sans Tabac (PDF) &#8211; (disponible en anglais seulement)<\/a><\/div>\n<\/div>\n\n\n\n<div style=\"height:100px\" aria-hidden=\"true\" class=\"wp-block-spacer is-style-responsive-medium\"><\/div>\n<\/div>\n\n\n\n<div class=\"wp-block-column is-layout-flow wp-block-column-is-layout-flow\">\n<h4 class=\"wp-block-heading\"><strong><strong>Mod\u00e8les de planification en PDF<\/strong><\/strong><\/h4>\n\n\n\n<p>Pour plus d\u2019informations sur la mani\u00e8re de les utiliser, consultez la rubrique \u00ab <a href=\"http:\/\/15.156.175.92\/fr\/cessez-de-fumer\/faire-un-plan\/\">Planifier<\/a> \u00bb.<\/p>\n\n\n\n<div class=\"wp-block-buttons is-layout-flex wp-block-buttons-is-layout-flex\">\n<div class=\"wp-block-button is-style-tfns-download-link\"><a class=\"wp-block-button__link wp-element-button\" href=\"http:\/\/15.156.175.92\/wp-content\/uploads\/2022\/04\/TFNS_Know-Your-Reasons_FR.pdf\" target=\"_blank\" rel=\"noreferrer noopener\">Mes raisons d\u2019arr\u00eater (PDF)<\/a><\/div>\n<\/div>\n\n\n\n<div class=\"wp-block-buttons is-layout-flex wp-block-buttons-is-layout-flex\">\n<div class=\"wp-block-button is-style-tfns-download-link\"><a class=\"wp-block-button__link wp-element-button\" href=\"http:\/\/15.156.175.92\/wp-content\/uploads\/2022\/04\/TFNS_Plan-for-Smoking-Triggers_FR.pdf\" target=\"_blank\" rel=\"noreferrer noopener\">Mes d\u00e9clencheurs de tabagisme (PDF)<\/a><\/div>\n<\/div>\n\n\n\n<div class=\"wp-block-buttons is-layout-flex wp-block-buttons-is-layout-flex\">\n<div class=\"wp-block-button is-style-tfns-download-link\"><a class=\"wp-block-button__link wp-element-button\" href=\"http:\/\/15.156.175.92\/wp-content\/uploads\/2022\/04\/TFNS_5-Day-Quit-Smoking-Checklist_FR.pdf\" target=\"_blank\" rel=\"noreferrer noopener\">Liste de contr\u00f4le pour l\u2019abandon du tabac en 5 jours (PDF)<\/a><\/div>\n<\/div>\n\n\n\n<div class=\"wp-block-buttons is-layout-flex wp-block-buttons-is-layout-flex\">\n<div class=\"wp-block-button is-style-tfns-download-link\"><a class=\"wp-block-button__link wp-element-button\" href=\"http:\/\/15.156.175.92\/wp-content\/uploads\/2022\/04\/TFNS_Quit-Journey-Rewards_FR.pdf\" target=\"_blank\" rel=\"noreferrer noopener\">R\u00e9compenses pendant le voyage d\u2019abandon du tabac (PDF)<\/a><\/div>\n<\/div>\n\n\n\n<div style=\"height:100px\" aria-hidden=\"true\" class=\"wp-block-spacer is-style-responsive-medium\"><\/div>\n<\/div>\n<\/div>\n\n\n\n<div class=\"wp-block-columns is-layout-flex wp-container-core-columns-is-layout-9d6595d7 wp-block-columns-is-layout-flex\">\n<div class=\"wp-block-column is-layout-flow wp-block-column-is-layout-flow\">\n<h2 class=\"wp-block-heading\"><strong><strong>Programmes et ressources en mati\u00e8re de sant\u00e9 en Nouvelle-\u00c9cosse :<\/strong><\/strong><\/h2>\n\n\n\n<div class=\"wp-block-columns is-layout-flex wp-container-core-columns-is-layout-9d6595d7 wp-block-columns-is-layout-flex\">\n<div class=\"wp-block-column is-layout-flow wp-block-column-is-layout-flow\">\n<div class=\"wp-block-buttons is-layout-flex wp-block-buttons-is-layout-flex\">\n<div class=\"wp-block-button is-style-tfns-external-link\"><a class=\"wp-block-button__link wp-element-button\" href=\"https:\/\/novascotia.ca\/dhw\/feedback-811\/fr\/\">811 Formulaire de commentaires<\/a><\/div>\n<\/div>\n\n\n\n<div class=\"wp-block-buttons is-layout-flex wp-block-buttons-is-layout-flex\">\n<div class=\"wp-block-button is-style-tfns-external-link\"><a class=\"wp-block-button__link wp-element-button\" href=\"https:\/\/www.nshealth.ca\/sites\/default\/files\/documents\/05102_2024_10_09.pdf\">Les bases de l\u2019allaitement maternel<\/a><\/div>\n\n\n\n<div class=\"wp-block-button is-style-tfns-external-link\"><a class=\"wp-block-button__link wp-element-button\" href=\"https:\/\/www.nshealth.ca\/cancer-care-program\">Programme de soins contre le cancer &#8211; disponible en anglais seulement<\/a><\/div>\n\n\n\n<div class=\"wp-block-button is-style-tfns-external-link\"><a class=\"wp-block-button__link wp-element-button\" href=\"https:\/\/novascotia.ca\/dhw\/pharmacare\/cancer-assistance.asp\">Aide \u00e0 la prise en charge des m\u00e9dicaments pour les patients atteints de cancer &#8211; en anglais seulement<\/a><\/div>\n<\/div>\n<\/div>\n\n\n\n<div class=\"wp-block-column is-layout-flow wp-block-column-is-layout-flow\">\n<div class=\"wp-block-buttons is-layout-flex wp-block-buttons-is-layout-flex\">\n<div class=\"wp-block-button is-style-tfns-external-link\"><a class=\"wp-block-button__link wp-element-button\" href=\"https:\/\/811.novascotia.ca\/health_topics\/vapotage\/?lang=fr\">Gouvernement de la Nouvelle-\u00c9cosse : Vapotage<\/a><\/div>\n\n\n\n<div class=\"wp-block-button is-style-tfns-external-link\"><a class=\"wp-block-button__link wp-element-button\" href=\"https:\/\/www.nshealth.ca\/sites\/default\/files\/documents\/09053_2024_08_15.pdf\">Des soins attentionn\u00e9s : Parents et familles<\/a><\/div>\n\n\n\n<div class=\"wp-block-button is-style-tfns-external-link\"><a class=\"wp-block-button__link wp-element-button\" href=\"https:\/\/novascotia.ca\/dhw\/about\/contact\/\">Minist\u00e8re de la Sant\u00e9 et du Mieux-\u00eatre de la Nouvelle-\u00c9cosse &#8211; disponible en anglais seulement<\/a><\/div>\n\n\n\n<div class=\"wp-block-button is-style-tfns-external-link\"><a class=\"wp-block-button__link wp-element-button\" href=\"https:\/\/www.nshealth.ca\/sites\/default\/files\/documents\/pamphlets\/nsccp0066.pdf\">Brochure du programme de soins contre le cancer de Sant\u00e9 Nouvelle-\u00c9cosse : Il n\u2019est jamais trop tard pour arr\u00eater de fumer &#8211; disponible en anglais seulement<\/a><\/div>\n<\/div>\n<\/div>\n\n\n\n<div class=\"wp-block-column is-layout-flow wp-block-column-is-layout-flow\">\n<div class=\"wp-block-buttons is-layout-flex wp-block-buttons-is-layout-flex\">\n<div class=\"wp-block-button is-style-tfns-external-link\"><a class=\"wp-block-button__link wp-element-button\" href=\"https:\/\/mha.nshealth.ca\/fr\/services\/traitement-de-la-dependance-la-nicotine\">Visitez le programme de sant\u00e9 mentale et de toxicomanie de Sant\u00e9 Nouvelle-\u00c9cosse : Services pour arr\u00eater de fumer<\/a><\/div>\n\n\n\n<div class=\"wp-block-button is-style-tfns-external-link\"><a class=\"wp-block-button__link wp-element-button\" href=\"https:\/\/beta.novascotia.ca\/contact-us\">Gouvernement de la Nouvelle-\u00c9cosse &#8211; disponible en anglais seulement<\/a><\/div>\n\n\n\n<div class=\"wp-block-button is-style-tfns-external-link\"><a class=\"wp-block-button__link wp-element-button\" href=\"https:\/\/novascotia.ca\/dhw\/pharmacare\/nova-scotians.asp\">R\u00e9gime d\u2019assurance-m\u00e9dicaments de la Nouvelle-\u00c9cosse (Pharmacare) &#8211; disponible en anglais seulement<\/a><\/div>\n\n\n\n<div class=\"wp-block-button is-style-tfns-external-link\"><a class=\"wp-block-button__link wp-element-button\" href=\"https:\/\/novascotia.ca\/dhw\/pharmacare\/documents\/formulary.pdf\">Formulaire de l\u2019assurance-m\u00e9dicaments de la Nouvelle-\u00c9cosse &#8211; disponible en anglais seulement<\/a><\/div>\n<\/div>\n<\/div>\n<\/div>\n\n\n\n<h2 class=\"wp-block-heading\"><strong>Autres ressources r\u00e9pertori\u00e9es sur ce site<\/strong><\/h2>\n<\/div>\n<\/div>\n\n\n\n<div class=\"wp-block-columns is-style-skip-two-columns is-layout-flex wp-container-core-columns-is-layout-9d6595d7 wp-block-columns-is-layout-flex\">\n<div class=\"wp-block-column is-layout-flow wp-block-column-is-layout-flow\">\n<div class=\"wp-block-buttons is-layout-flex wp-block-buttons-is-layout-flex\">\n<div class=\"wp-block-button is-style-tfns-external-link\"><a class=\"wp-block-button__link wp-element-button\" href=\"https:\/\/cewh.ca\/wp-content\/uploads\/2012\/05\/2012_Liberation-HelpingWomenQuitSmoking.pdf\">British Columbia Centre of Excellence for Women\u2019s Health: Liberation! Helping Women Quit Smoking (PDF) &#8211; disponible en anglais seulement<\/a><\/div>\n\n\n\n<div class=\"wp-block-button is-style-tfns-external-link\"><a class=\"wp-block-button__link wp-element-button\" href=\"https:\/\/www.nicotinedependenceclinic.com\/en\/canadaptt\/PublishingImages\/Pages\/CAN-ADAPTT-Guidelines\/CAN-ADAPTT%20Canadian%20Smoking%20Cessation%20Guideline_website.pdf\">CAN-ADAPTT : Guide canadien de pratique clinique pour l\u2019abandon du tabac (PDF) &#8211; en anglais seulement<\/a><\/div>\n\n\n\n<div class=\"wp-block-button is-style-tfns-external-link\"><a class=\"wp-block-button__link wp-element-button\" href=\"https:\/\/cancer.ca\/fr\/cancer-information\/resources\/publications\/osaat-you-can-quit\">Brochure sur l\u2019abandon du tabac de la Soci\u00e9t\u00e9 canadienne du cancer : Une \u00e9tape \u00e0 la fois : Vous pouvez arr\u00eater<\/a><\/div>\n\n\n\n<div class=\"wp-block-button is-style-tfns-external-link\"><a class=\"wp-block-button__link wp-element-button\" href=\"https:\/\/www.pharmacists.ca\/cpha-ca\/assets\/File\/smoking-cessation\/Smoking-Cessation-Algorithm_FR.pdf\">Algorithme de pharmacoth\u00e9rapie pour le sevrage tabagique du pharmacien canadien<\/a><\/div>\n<\/div>\n\n\n\n<h5 class=\"wp-block-heading\"><strong>Centre for Addiction and Mental Health (CAMH) (Centre de toxicomanie et de sant\u00e9 mentale) :<\/strong><\/h5>\n\n\n\n<div class=\"wp-block-buttons is-layout-flex wp-block-buttons-is-layout-flex\">\n<div class=\"wp-block-button is-style-tfns-external-link\"><a class=\"wp-block-button__link wp-element-button\" href=\"https:\/\/intrepidlab.ca\/en\/teach\/Pages\/TEACH-FNitstimetoolkitFR.aspx\">Bo\u00eete \u00e0 outils IT\u2019S TIME des Premi\u00e8res Nations<\/a><\/div>\n\n\n\n<div class=\"wp-block-button is-style-tfns-external-link\"><a class=\"wp-block-button__link wp-element-button\" href=\"https:\/\/www.camh.ca\/fr\/vos-soins\/acces-camh\">Nicotine Dependence Clinic<\/a><\/div>\n\n\n\n<div class=\"wp-block-button is-style-tfns-external-link\"><a class=\"wp-block-button__link wp-element-button\" href=\"https:\/\/www.camh.ca\/fr\/education\/continuing-education-programs-and-courses\">Programme&nbsp;TEACH<\/a><\/div>\n<\/div>\n\n\n\n<p><\/p>\n\n\n\n<div class=\"wp-block-buttons is-layout-flex wp-block-buttons-is-layout-flex\">\n<div class=\"wp-block-button is-style-tfns-external-link\"><a class=\"wp-block-button__link wp-element-button\" href=\"https:\/\/www.nicotinedependenceclinic.com\/en\/providers\">Prestataires &#8211; disponible en anglais seulement<\/a><\/div>\n<\/div>\n\n\n\n<h5 class=\"wp-block-heading\"><strong>Centres for Disease Control and Prevention:<\/strong><\/h5>\n\n\n\n<div class=\"wp-block-buttons is-layout-flex wp-block-buttons-is-layout-flex\">\n<div class=\"wp-block-button is-style-tfns-external-link\"><a class=\"wp-block-button__link wp-element-button\" href=\"https:\/\/www.cdc.gov\/tobacco\/e-cigarettes\/?CDC_AAref_Val=https:\/\/www.cdc.gov\/tobacco\/basic_information\/e-cigarettes\/index.htm\">Electronic Cigarettes  &#8211; disponible en anglais seulement<\/a><\/div>\n<\/div>\n\n\n\n<p><\/p>\n\n\n\n<div class=\"wp-block-buttons is-layout-flex wp-block-buttons-is-layout-flex\">\n<div class=\"wp-block-button is-style-tfns-external-link\"><a class=\"wp-block-button__link wp-element-button\" href=\"https:\/\/www.cdc.gov\/tobacco\/secondhand-smoke\/index.html\">Secondhand smoke  &#8211; disponible en anglais seulement<\/a><\/div>\n\n\n\n<div class=\"wp-block-button is-style-tfns-external-link\"><a class=\"wp-block-button__link wp-element-button\" href=\"https:\/\/cewh.ca\/webinars-and-courses\/courses\/expecting-to-quit\/\">Centre of excellence for women\u2019s health course: Expecting to quit  &#8211; disponible en anglais seulement<\/a><\/div>\n\n\n\n<div class=\"wp-block-button is-style-tfns-external-link\"><a class=\"wp-block-button__link wp-element-button\" href=\"https:\/\/fnha.ca\/wellness\/wellness-for-first-nations\/wellness-streams\/respecting-tobacco\">First Nations Health Authority Respecting Tobacco &#8211; disponible en anglais seulement<\/a><\/div>\n<\/div>\n\n\n\n<div style=\"height:100px\" aria-hidden=\"true\" class=\"wp-block-spacer is-style-responsive-medium\"><\/div>\n<\/div>\n\n\n\n<div class=\"wp-block-column is-layout-flow wp-block-column-is-layout-flow\">\n<h5 class=\"wp-block-heading\"><strong>Gouvernement du Canada :<\/strong><\/h5>\n\n\n\n<div class=\"wp-block-buttons is-layout-flex wp-block-buttons-is-layout-flex\">\n<div class=\"wp-block-button is-style-tfns-external-link\"><a class=\"wp-block-button__link wp-element-button\" href=\"https:\/\/www.canada.ca\/fr\/sante-canada\/services\/tabagisme-et-tabac\/vapotage\/risques.html\">Risques li\u00e9s au vapotage<\/a><\/div>\n<\/div>\n\n\n\n<p><\/p>\n\n\n\n<div class=\"wp-block-buttons is-layout-flex wp-block-buttons-is-layout-flex\">\n<div class=\"wp-block-button is-style-tfns-external-link\"><a class=\"wp-block-button__link wp-element-button\" href=\"https:\/\/www.canada.ca\/fr\/sante-canada\/services\/tabagisme-et-tabac\/vapotage\/arreter-fumer.html\">Vapoter et arr\u00eater de fumer<\/a><\/div>\n\n\n\n<div class=\"wp-block-button is-style-tfns-external-link\"><a class=\"wp-block-button__link wp-element-button\" href=\"https:\/\/www.canada.ca\/fr\/sante-canada\/services\/tabagisme-et-tabac\/effets-tabagisme-fumee-secondaire-sante\/eliminer-fumee-secondaire.html\">Sant\u00e9 Canada : Fum\u00e9e secondaire<\/a><\/div>\n\n\n\n<div class=\"wp-block-button is-style-tfns-external-link\"><a class=\"wp-block-button__link wp-element-button\" href=\"https:\/\/myhealth.alberta.ca\/Alberta\/Pages\/Second-Hand-and-Third-Hand-Smoke-and-Vapour.aspx\">MyHealth.Alberta.ca: Second-Hand and Third-Hand Smoke and Vapour &#8211; disponible en anglais seulement<\/a><\/div>\n\n\n\n<div class=\"wp-block-button is-style-tfns-external-link\"><a class=\"wp-block-button__link wp-element-button\" href=\"https:\/\/smokefree.gov\/help-others-quit\/how-to-support-your-quitter\">National Cancer Institute Smokefree.gov: How to Support Your Quitter  &#8211; disponible en anglais seulement<\/a><\/div>\n<\/div>\n\n\n\n<h5 class=\"wp-block-heading\"><strong>Newfoundland and Labrador Smokers\u2019 Helpline (Ligne d\u2019aide aux fumeurs de Terre-Neuve et du Labrador) :<\/strong><\/h5>\n\n\n\n<div class=\"wp-block-buttons is-layout-flex wp-block-buttons-is-layout-flex\">\n<div class=\"wp-block-button is-style-tfns-external-link\"><a class=\"wp-block-button__link wp-element-button\" href=\"https:\/\/smokershelp.net\/medication\/\">M\u00e9dicaments  &#8211; disponible en anglais seulement<\/a><\/div>\n<\/div>\n\n\n\n<p><\/p>\n\n\n\n<div class=\"wp-block-buttons is-layout-flex wp-block-buttons-is-layout-flex\">\n<div class=\"wp-block-button is-style-tfns-external-link\"><a class=\"wp-block-button__link wp-element-button\" href=\"https:\/\/smokershelp.net\/mental-health-and-addictions\/\">Sant\u00e9 mentale et d\u00e9pendances  &#8211; disponible en anglais seulement<\/a><\/div>\n\n\n\n<div class=\"wp-block-button is-style-tfns-external-link\"><a class=\"wp-block-button__link wp-element-button\" href=\"https:\/\/www.sac-isc.gc.ca\/fra\/1572537161086\/1572537234517\">Services de sant\u00e9 non assur\u00e9s pour les Premi\u00e8res nations et les Inuits<\/a><\/div>\n\n\n\n<div class=\"wp-block-button is-style-tfns-external-link\"><a class=\"wp-block-button__link wp-element-button\" href=\"https:\/\/www.otru.org\/documents\/protection-from-secondhand-tobacco-smoke-in-ontario-a-review-of-the-evidence-regarding-best-practices\/\">Ontario Tobacco Research Unit: Protection from Secondhand Tobacco Smoke in Ontario  &#8211; disponible en anglais seulement<\/a><\/div>\n\n\n\n<div class=\"wp-block-button is-style-tfns-external-link\"><a class=\"wp-block-button__link wp-element-button\" href=\"http:\/\/ottawamodel.ca\/fr\/soins-primaires\">Mod\u00e8le d\u2019Ottawa pour l\u2019abandon du tabac : Soins primaires<\/a><\/div>\n\n\n\n<div class=\"wp-block-button is-style-tfns-external-link\"><a class=\"wp-block-button__link wp-element-button\" href=\"https:\/\/www.nicotinedependenceclinic.com\/en\/pregnets\">Pregnets : Resources for pregnant and post-partum women  &#8211; disponible en anglais seulement<\/a><\/div>\n<\/div>\n\n\n\n<h5 class=\"wp-block-heading\"><strong>quitnow.ca<\/strong><\/h5>\n\n\n\n<div class=\"wp-block-buttons is-layout-flex wp-block-buttons-is-layout-flex\">\n<div class=\"wp-block-button is-style-tfns-external-link\"><a class=\"wp-block-button__link wp-element-button\" href=\"https:\/\/quitnow.ca\/helping-others-quit\/health-care-providers\/supporting-evidence\">quitnow.ca &#8211; disponible en anglais seulement<\/a><\/div>\n<\/div>\n\n\n\n<p><\/p>\n\n\n\n<div class=\"wp-block-buttons is-layout-flex wp-block-buttons-is-layout-flex\">\n<div class=\"wp-block-button is-style-tfns-external-link\"><a class=\"wp-block-button__link wp-element-button\" href=\"https:\/\/quitnow.ca\/helping-others-quit\/health-care-providers\">Prestataires de soins de sant\u00e9 &#8211; disponible en anglais seulement<\/a><\/div>\n<\/div>\n\n\n\n<div style=\"height:100px\" aria-hidden=\"true\" class=\"wp-block-spacer is-style-responsive-medium\"><\/div>\n<\/div>\n\n\n\n<div class=\"wp-block-column is-layout-flow wp-block-column-is-layout-flow\">\n<div class=\"wp-block-buttons is-layout-flex wp-block-buttons-is-layout-flex\">\n<div class=\"wp-block-button is-style-tfns-external-link\"><a class=\"wp-block-button__link wp-element-button\" href=\"https:\/\/www.quashapp.com\/fr\" target=\"_blank\" rel=\"noreferrer noopener\">Application d\u2019arr\u00eat du tabac pour les jeunes<\/a><\/div>\n<\/div>\n\n\n\n<p><\/p>\n\n\n\n<div class=\"wp-block-buttons is-layout-flex wp-block-buttons-is-layout-flex\">\n<div class=\"wp-block-button is-style-tfns-external-link\"><a class=\"wp-block-button__link wp-element-button\" href=\"https:\/\/smokefree.gov\/quit-smoking\/why-you-should-quit\/health-effects\">Smokefree.gov &#8211; disponible en anglais seulement<\/a><\/div>\n\n\n\n<div class=\"wp-block-button is-style-tfns-external-link\"><a class=\"wp-block-button__link wp-element-button\" href=\"https:\/\/sogc.org\/en\/en\/content\/featured-news\/sogc-statement-vaping.aspx\">Soci\u00e9t\u00e9 des obst\u00e9triciens et gyn\u00e9cologues du Canada : D\u00e9claration sur le vapotage et la grossesse &#8211; disponible en anglais seulement<\/a><\/div>\n\n\n\n<div class=\"wp-block-button is-style-tfns-external-link\"><a class=\"wp-block-button__link wp-element-button\" href=\"https:\/\/www.youtube.com\/watch?v=z16vhtjWKL0\">Quelle est la meilleure chose \u00e0 faire pour arr\u00eater de fumer (Vid\u00e9o) &#8211; disponible en anglais seulement<\/a><\/div>\n<\/div>\n\n\n\n<div style=\"height:100px\" aria-hidden=\"true\" class=\"wp-block-spacer is-style-responsive-medium\"><\/div>\n<\/div>\n<\/div>\n\n\n\n<div class=\"wp-block-columns is-style-skip-two-columns is-layout-flex wp-container-core-columns-is-layout-9d6595d7 wp-block-columns-is-layout-flex\">\n<div class=\"wp-block-column is-layout-flow wp-block-column-is-layout-flow\">\n<h2 class=\"wp-block-heading\">Autres lectures<\/h2>\n<\/div>\n<\/div>\n\n\n\n<div class=\"wp-block-columns is-style-skip-two-columns is-layout-flex wp-container-core-columns-is-layout-9d6595d7 wp-block-columns-is-layout-flex\">\n<div class=\"wp-block-column is-layout-flow wp-block-column-is-layout-flow\">\n<div class=\"wp-block-buttons is-layout-flex wp-block-buttons-is-layout-flex\">\n<div class=\"wp-block-button is-style-tfns-external-link\"><a class=\"wp-block-button__link wp-element-button\" href=\"https:\/\/jamanetwork.com\/searchresults?q=smoking%20cessation&amp;allSites=1&amp;SearchSourceType=1&amp;exPrm_qqq={DEFAULT_BOOST_FUNCTION}%22smoking%20cessation%22&amp;exPrm_hl.q=smoking%20cessation\">Documents acad\u00e9miques sur l\u2019arr\u00eat du tabac &#8211; disponible en anglais seulement<\/a><\/div>\n\n\n\n<div class=\"wp-block-button is-style-tfns-external-link\"><a class=\"wp-block-button__link wp-element-button\" href=\"https:\/\/www.poumon.ca\/sant%C3%A9-pulmonaire\/tabagisme-et-tabac-0\">Association pulmonaire du Canada : Tabagisme et tabac<\/a><\/div>\n<\/div>\n\n\n\n<div style=\"height:100px\" aria-hidden=\"true\" class=\"wp-block-spacer is-style-responsive-medium\"><\/div>\n<\/div>\n\n\n\n<div class=\"wp-block-column is-layout-flow wp-block-column-is-layout-flow\">\n<div class=\"wp-block-buttons is-layout-flex wp-block-buttons-is-layout-flex\">\n<div class=\"wp-block-button is-style-tfns-external-link\"><a class=\"wp-block-button__link wp-element-button\" href=\"https:\/\/www.cdc.gov\/tobacco\/about\/?CDC_AAref_Val=https:\/\/www.cdc.gov\/tobacco\/data_statistics\/fact_sheets\/health_effects\/effects_cig_smoking\/index.htm\">Centers for Disease Control and Prevention: Health Effects of Cigarette Smoking &#8211; disponible en anglais seulement<\/a><\/div>\n\n\n\n<div class=\"wp-block-button is-style-tfns-external-link\"><a class=\"wp-block-button__link wp-element-button\" href=\"https:\/\/www.canada.ca\/fr\/sante-canada\/services\/tabagisme-et-tabac\/effets-tabagisme-fumee-secondaire-sante\/risques-tabagisme.html\">Sant\u00e9 Canada : Risques li\u00e9s au tabagisme<\/a><\/div>\n<\/div>\n\n\n\n<div style=\"height:100px\" aria-hidden=\"true\" class=\"wp-block-spacer is-style-responsive-medium\"><\/div>\n<\/div>\n\n\n\n<div class=\"wp-block-column is-layout-flow wp-block-column-is-layout-flow\">\n<div class=\"wp-block-buttons is-layout-flex wp-block-buttons-is-layout-flex\">\n<div class=\"wp-block-button is-style-tfns-external-link\"><a class=\"wp-block-button__link wp-element-button\" href=\"https:\/\/www.coeuretavc.ca\/maladies-du-coeur\/risque-et-prevention\/facteurs-de-risque-lies-au-mode-de-vie\/tabagisme\">Fondation des maladies du c\u0153ur : Tabagisme et tabac<\/a><\/div>\n<\/div>\n\n\n\n<div class=\"wp-block-buttons is-layout-flex wp-block-buttons-is-layout-flex\">\n<div class=\"wp-block-button is-style-tfns-external-link\"><a class=\"wp-block-button__link wp-element-button\" href=\"https:\/\/smokefree.gov\/quit-smoking\/why-you-should-quit\/health-effects\">Smokefree.gov : Health Effects &#8211; disponible en anglais seulement<\/a><\/div>\n<\/div>\n\n\n\n<div style=\"height:100px\" aria-hidden=\"true\" class=\"wp-block-spacer is-style-responsive-medium\"><\/div>\n<\/div>\n<\/div>\n\n\n\n<div style=\"height:100px\" aria-hidden=\"true\" class=\"wp-block-spacer is-style-responsive-large\"><\/div>\n","protected":false},"excerpt":{"rendered":"<p>Ressources de Nouvelle-\u00c9cosse Sans Tabac Formulaire de recommandation par t\u00e9l\u00e9copie du prestataire de soins de sant\u00e9 Prestataires de soins de sant\u00e9 : remplissez et envoyez ce formulaire pour nous adresser un patient. Nous le contacterons en votre nom pour discuter de ses options Mod\u00e8les de planification en PDF Pour plus d\u2019informations sur la mani\u00e8re de [&hellip;]<\/p>\n","protected":false},"author":3,"featured_media":0,"parent":0,"menu_order":0,"comment_status":"closed","ping_status":"closed","template":"","meta":{"_acf_changed":false,"inline_featured_image":false,"_monsterinsights_skip_tracking":false,"_monsterinsights_sitenote_active":false,"_monsterinsights_sitenote_note":"","_monsterinsights_sitenote_category":0,"_uf_show_specific_survey":0,"_uf_disable_surveys":false,"footnotes":""},"class_list":["post-1533","page","type-page","status-publish","hentry"],"acf":[],"aioseo_notices":[],"_links":{"self":[{"href":"https:\/\/tobaccofree.novascotia.ca\/fr\/wp-json\/wp\/v2\/pages\/1533","targetHints":{"allow":["GET"]}}],"collection":[{"href":"https:\/\/tobaccofree.novascotia.ca\/fr\/wp-json\/wp\/v2\/pages"}],"about":[{"href":"https:\/\/tobaccofree.novascotia.ca\/fr\/wp-json\/wp\/v2\/types\/page"}],"author":[{"embeddable":true,"href":"https:\/\/tobaccofree.novascotia.ca\/fr\/wp-json\/wp\/v2\/users\/3"}],"replies":[{"embeddable":true,"href":"https:\/\/tobaccofree.novascotia.ca\/fr\/wp-json\/wp\/v2\/comments?post=1533"}],"version-history":[{"count":50,"href":"https:\/\/tobaccofree.novascotia.ca\/fr\/wp-json\/wp\/v2\/pages\/1533\/revisions"}],"predecessor-version":[{"id":2731,"href":"https:\/\/tobaccofree.novascotia.ca\/fr\/wp-json\/wp\/v2\/pages\/1533\/revisions\/2731"}],"wp:attachment":[{"href":"https:\/\/tobaccofree.novascotia.ca\/fr\/wp-json\/wp\/v2\/media?parent=1533"}],"curies":[{"name":"wp","href":"https:\/\/api.w.org\/{rel}","templated":true}]}}