{"id":1448,"date":"2022-03-01T18:42:04","date_gmt":"2022-03-01T18:42:04","guid":{"rendered":"http:\/\/15.156.175.92\/accueil\/"},"modified":"2025-01-08T19:21:55","modified_gmt":"2025-01-08T19:21:55","slug":"accueil","status":"publish","type":"page","link":"http:\/\/tobaccofree.novascotia.ca\/fr\/","title":{"rendered":"Accueil"},"content":{"rendered":"\n<div class=\"wp-block-columns has-white-background-color has-background is-layout-flex wp-container-core-columns-is-layout-9d6595d7 wp-block-columns-is-layout-flex\">\n<div class=\"wp-block-column container is-layout-flow wp-block-column-is-layout-flow\">\n<div style=\"height:50px\" aria-hidden=\"true\" class=\"wp-block-spacer\"><\/div>\n\n\n<div class='align-center '>\n    <div class='rounded-icon' style=\"background:#FAD828\">\n        <i class=\"fas fa-info\"><\/i>\n    <\/div>\n<\/div>\n\n\n<h2 class=\"wp-block-heading has-text-align-center\">Nous sommes pr\u00eats quand vous l\u2019\u00eates.<\/h2>\n\n\n\n<p>Sans&nbsp;Tabac Nouvelle-\u00c9cosse reconna\u00eet que la plante du tabac est sacr\u00e9e au sein de nombreuses cultures autochtones. Nous respectons son utilisation dans les c\u00e9r\u00e9monies et les pratiques spirituelles.<\/p>\n\n\n\n<p>Nous soutenons les personnes qui veulent cesser de consommer du tabac commercial.<\/p>\n\n\n\n<div style=\"height:50px\" aria-hidden=\"true\" class=\"wp-block-spacer\"><\/div>\n<\/div>\n<\/div>\n\n\n<div class='further-wrapper'>\n    <div class='container'>\n      <div class='row'>\n        <div class='col-xl-3 col-lg-3 col-md-12 col-sm-12 col-12'>\n          <h2 class='further-title'>\n            Un soutien suppl\u00e9mentaire pour&#8230;\n            <\/h2>\n        <\/div>\n        <div class='col-xl-9 col-lg-9 col-md-12 col-sm-12 col-12'>\n          <div class='row'>\n                          <div class='col-xl-3 col-lg-3 col card-image-wrapper'>\n                <img class=\"card-img\" src=http:\/\/tobaccofree.novascotia.ca\/wp-content\/uploads\/2022\/03\/Mask-Group-5.png><\/img>\n                <div class='card-link-wrapper'>\n                  <a href=\"\/fr\/premieres-nations-inuits-et-metis\/\">Premi\u00e8res nations, Inuits et M\u00e9tis<\/a>\n                <\/div>\n              <\/div>\n                          <div class='col-xl-3 col-lg-3 col card-image-wrapper'>\n                <img class=\"card-img\" src=http:\/\/tobaccofree.novascotia.ca\/wp-content\/uploads\/2022\/03\/Mask-Group-61.png><\/img>\n                <div class='card-link-wrapper'>\n                  <a href=\"\/fr\/grossesse-et-allaitement\/\">Maladie mentale et d\u00e9pression<\/a>\n                <\/div>\n              <\/div>\n                          <div class='col-xl-3 col-lg-3 col card-image-wrapper'>\n                <img class=\"card-img\" src=http:\/\/tobaccofree.novascotia.ca\/wp-content\/uploads\/2022\/03\/Mask-Group-62.png><\/img>\n                <div class='card-link-wrapper'>\n                  <a href=\"\/fr\/adultes-ages\/\">Personnes \u00e2g\u00e9es<\/a>\n                <\/div>\n              <\/div>\n                          <div class='col-xl-3 col-lg-3 col card-image-wrapper'>\n                <img class=\"card-img\" src=http:\/\/tobaccofree.novascotia.ca\/wp-content\/uploads\/2022\/03\/Mask-Group-6234.png><\/img>\n                <div class='card-link-wrapper'>\n                  <a href=\"\/fr\/grossesse-et-allaitement-2\/\">Grossesse et allaitement<\/a>\n                <\/div>\n              <\/div>\n                          <div class='col-xl-3 col-lg-3 col card-image-wrapper'>\n                <img class=\"card-img\" src=http:\/\/tobaccofree.novascotia.ca\/wp-content\/uploads\/2022\/03\/Mask-Group-6.png><\/img>\n                <div class='card-link-wrapper'>\n                  <a href=\"\/fr\/tabagisme-et-cancer\/\">Tabagisme et cancer<\/a>\n                <\/div>\n              <\/div>\n                          <div class='col-xl-3 col-lg-3 col card-image-wrapper'>\n                <img class=\"card-img\" src=http:\/\/tobaccofree.novascotia.ca\/wp-content\/uploads\/2022\/03\/df.png><\/img>\n                <div class='card-link-wrapper'>\n                  <a href=\"\/fr\/vapotage\/\">Vapotage<\/a>\n                <\/div>\n              <\/div>\n                          <div class='col-xl-3 col-lg-3 col card-image-wrapper'>\n                <img class=\"card-img\" src=http:\/\/tobaccofree.novascotia.ca\/wp-content\/uploads\/2022\/03\/Mask-Group-6sdf.png><\/img>\n                <div class='card-link-wrapper'>\n                  <a href=\"\/fr\/femmes\/\">Risques sp\u00e9cifiques au sexe<\/a>\n                <\/div>\n              <\/div>\n                      <\/div>\n        <\/div>\n      <\/div>\n    <\/div>\n  <\/div>","protected":false},"excerpt":{"rendered":"<p>Nous sommes pr\u00eats quand vous l\u2019\u00eates. Sans&nbsp;Tabac Nouvelle-\u00c9cosse reconna\u00eet que la plante du tabac est sacr\u00e9e au sein de nombreuses cultures autochtones. Nous respectons son utilisation dans les c\u00e9r\u00e9monies et les pratiques spirituelles. Nous soutenons les personnes qui veulent cesser de consommer du tabac commercial.<\/p>\n","protected":false},"author":3,"featured_media":0,"parent":0,"menu_order":0,"comment_status":"closed","ping_status":"closed","template":"","meta":{"_acf_changed":false,"inline_featured_image":false,"_monsterinsights_skip_tracking":false,"_monsterinsights_sitenote_active":false,"_monsterinsights_sitenote_note":"","_monsterinsights_sitenote_category":0,"_uf_show_specific_survey":0,"_uf_disable_surveys":false,"footnotes":""},"class_list":["post-1448","page","type-page","status-publish","hentry"],"acf":[],"aioseo_notices":[],"_links":{"self":[{"href":"http:\/\/tobaccofree.novascotia.ca\/fr\/wp-json\/wp\/v2\/pages\/1448","targetHints":{"allow":["GET"]}}],"collection":[{"href":"http:\/\/tobaccofree.novascotia.ca\/fr\/wp-json\/wp\/v2\/pages"}],"about":[{"href":"http:\/\/tobaccofree.novascotia.ca\/fr\/wp-json\/wp\/v2\/types\/page"}],"author":[{"embeddable":true,"href":"http:\/\/tobaccofree.novascotia.ca\/fr\/wp-json\/wp\/v2\/users\/3"}],"replies":[{"embeddable":true,"href":"http:\/\/tobaccofree.novascotia.ca\/fr\/wp-json\/wp\/v2\/comments?post=1448"}],"version-history":[{"count":11,"href":"http:\/\/tobaccofree.novascotia.ca\/fr\/wp-json\/wp\/v2\/pages\/1448\/revisions"}],"predecessor-version":[{"id":2201,"href":"http:\/\/tobaccofree.novascotia.ca\/fr\/wp-json\/wp\/v2\/pages\/1448\/revisions\/2201"}],"wp:attachment":[{"href":"http:\/\/tobaccofree.novascotia.ca\/fr\/wp-json\/wp\/v2\/media?parent=1448"}],"curies":[{"name":"wp","href":"https:\/\/api.w.org\/{rel}","templated":true}]}}